{"id":1952,"date":"2021-05-03T17:48:37","date_gmt":"2021-05-03T17:48:37","guid":{"rendered":"https:\/\/www.liteq.com.br\/novo\/?page_id=1952"},"modified":"2021-09-13T17:55:34","modified_gmt":"2021-09-13T17:55:34","slug":"chocolates","status":"publish","type":"page","link":"https:\/\/www.liteq.com.br\/es\/chocolates\/","title":{"rendered":"Chocolates"},"content":{"rendered":"\t\t<div data-elementor-type=\"wp-page\" data-elementor-id=\"1952\" class=\"elementor elementor-1952\" data-elementor-settings=\"{&quot;ha_cmc_init_switcher&quot;:&quot;no&quot;}\">\n\t\t\t\t\t\t<section class=\"elementor-section elementor-top-section elementor-element elementor-element-3383076 elementor-section-boxed elementor-section-height-default elementor-section-height-default exad-glass-effect-no exad-sticky-section-no\" data-id=\"3383076\" data-element_type=\"section\" data-settings=\"{&quot;background_background&quot;:&quot;classic&quot;,&quot;_ha_eqh_enable&quot;:false}\">\n\t\t\t\t\t\t\t<div class=\"elementor-background-overlay\"><\/div>\n\t\t\t\t\t\t\t<div class=\"elementor-container elementor-column-gap-default\">\n\t\t\t\t\t<div class=\"elementor-column elementor-col-100 elementor-top-column elementor-element elementor-element-b92d57c exad-glass-effect-no exad-sticky-section-no\" data-id=\"b92d57c\" data-element_type=\"column\">\n\t\t\t<div class=\"elementor-widget-wrap elementor-element-populated\">\n\t\t\t\t\t\t<div class=\"elementor-element elementor-element-c2e3368 exad-sticky-section-no exad-glass-effect-no elementor-widget elementor-widget-heading\" data-id=\"c2e3368\" data-element_type=\"widget\" data-widget_type=\"heading.default\">\n\t\t\t\t<div class=\"elementor-widget-container\">\n\t\t\t\t\t<h2 class=\"elementor-heading-title elementor-size-default\">Equipaos <br>de chocolates<\/h2>\t\t\t\t<\/div>\n\t\t\t\t<\/div>\n\t\t\t\t\t<\/div>\n\t\t<\/div>\n\t\t\t\t\t<\/div>\n\t\t<\/section>\n\t\t\t\t<section class=\"elementor-section elementor-top-section elementor-element elementor-element-2b7bd7a elementor-section-boxed elementor-section-height-default elementor-section-height-default exad-glass-effect-no exad-sticky-section-no\" data-id=\"2b7bd7a\" data-element_type=\"section\" data-settings=\"{&quot;_ha_eqh_enable&quot;:false}\">\n\t\t\t\t\t\t<div class=\"elementor-container elementor-column-gap-default\">\n\t\t\t\t\t<div class=\"elementor-column elementor-col-100 elementor-top-column elementor-element elementor-element-7d27831 exad-glass-effect-no exad-sticky-section-no\" data-id=\"7d27831\" data-element_type=\"column\">\n\t\t\t<div class=\"elementor-widget-wrap elementor-element-populated\">\n\t\t\t\t\t\t<div class=\"elementor-element elementor-element-c232db9 elementor-grid-eael-col-4 elementor-grid-tablet-eael-col-2 elementor-grid-mobile-eael-col-1 exad-sticky-section-no exad-glass-effect-no elementor-widget elementor-widget-eael-post-grid\" data-id=\"c232db9\" data-element_type=\"widget\" data-settings=\"{&quot;eael_post_grid_columns&quot;:&quot;eael-col-4&quot;,&quot;eael_post_grid_columns_tablet&quot;:&quot;eael-col-2&quot;,&quot;eael_post_grid_columns_mobile&quot;:&quot;eael-col-1&quot;}\" data-widget_type=\"eael-post-grid.default\">\n\t\t\t\t<div class=\"elementor-widget-container\">\n\t\t\t\t\t<div id=\"eael-post-grid-c232db9\" class=\"eael-post-grid-container\">\n            <div class=\"eael-post-grid eael-post-appender eael-post-appender-c232db9 eael-post-grid-style-one\" data-layout-mode=\"grid\"><article class=\"eael-grid-post eael-post-grid-column\" data-id=\"1898\">\n        <div class=\"eael-grid-post-holder\">\n            <div class=\"eael-grid-post-holder-inner\"><div class=\"eael-entry-media\"><div class=\"eael-entry-overlay fade-in\"><i class=\"fas fa-long-arrow-alt-right\" aria-hidden=\"true\"><\/i><a href=\"https:\/\/www.liteq.com.br\/es\/tuneles-de-enfriamento-3\/\"><\/a><\/div><div class=\"eael-entry-thumbnail \">\n                <img fetchpriority=\"high\" decoding=\"async\" width=\"300\" height=\"200\" src=\"https:\/\/www.liteq.com.br\/es\/wp-content\/uploads\/2021\/05\/Liteq-Tuneis-de-resfriamento-9-300x200.jpg\" class=\"attachment-medium size-medium wp-image-2220\" alt=\"\" srcset=\"https:\/\/www.liteq.com.br\/es\/wp-content\/uploads\/2021\/05\/Liteq-Tuneis-de-resfriamento-9-300x200.jpg 300w, https:\/\/www.liteq.com.br\/es\/wp-content\/uploads\/2021\/05\/Liteq-Tuneis-de-resfriamento-9-1024x683.jpg 1024w, https:\/\/www.liteq.com.br\/es\/wp-content\/uploads\/2021\/05\/Liteq-Tuneis-de-resfriamento-9-768x512.jpg 768w, https:\/\/www.liteq.com.br\/es\/wp-content\/uploads\/2021\/05\/Liteq-Tuneis-de-resfriamento-9-1536x1024.jpg 1536w, https:\/\/www.liteq.com.br\/es\/wp-content\/uploads\/2021\/05\/Liteq-Tuneis-de-resfriamento-9-16x12.jpg 16w, https:\/\/www.liteq.com.br\/es\/wp-content\/uploads\/2021\/05\/Liteq-Tuneis-de-resfriamento-9.jpg 1599w\" sizes=\"(max-width: 300px) 100vw, 300px\" \/>\n            <\/div>\n        <\/div><div class=\"eael-entry-wrapper\"><header class=\"eael-entry-header\"><h2 class=\"eael-entry-title\"><a class=\"eael-grid-post-link\" href=\"https:\/\/www.liteq.com.br\/es\/tuneles-de-enfriamento-3\/\" title=\"T\u00faneles de Enfriamento\">T\u00faneles de Enfriamento<\/a><\/h2><\/header><div class=\"eael-entry-content\">\n                        <div class=\"eael-grid-post-excerpt\"><p>Los t\u00faneles de enfriamiento Liteq son equipos proyectados especialmente para ...<\/p><a href=\"https:\/\/www.liteq.com.br\/es\/tuneles-de-enfriamento-3\/\" class=\"eael-post-elements-readmore-btn\">saber mais<\/a><\/div>\n                    <\/div><\/div><\/div>\n        <\/div>\n    <\/article><article class=\"eael-grid-post eael-post-grid-column\" data-id=\"1891\">\n        <div class=\"eael-grid-post-holder\">\n            <div class=\"eael-grid-post-holder-inner\"><div class=\"eael-entry-media\"><div class=\"eael-entry-overlay fade-in\"><i class=\"fas fa-long-arrow-alt-right\" aria-hidden=\"true\"><\/i><a href=\"https:\/\/www.liteq.com.br\/es\/enfriadores-de-massa\/\"><\/a><\/div><div class=\"eael-entry-thumbnail \">\n                <img decoding=\"async\" width=\"300\" height=\"215\" src=\"https:\/\/www.liteq.com.br\/es\/wp-content\/uploads\/2021\/05\/Resfriador-de-Massa-6-300x215.jpg\" class=\"attachment-medium size-medium wp-image-2145\" alt=\"\" srcset=\"https:\/\/www.liteq.com.br\/es\/wp-content\/uploads\/2021\/05\/Resfriador-de-Massa-6-300x215.jpg 300w, https:\/\/www.liteq.com.br\/es\/wp-content\/uploads\/2021\/05\/Resfriador-de-Massa-6-1024x734.jpg 1024w, https:\/\/www.liteq.com.br\/es\/wp-content\/uploads\/2021\/05\/Resfriador-de-Massa-6-768x551.jpg 768w, https:\/\/www.liteq.com.br\/es\/wp-content\/uploads\/2021\/05\/Resfriador-de-Massa-6-16x12.jpg 16w, https:\/\/www.liteq.com.br\/es\/wp-content\/uploads\/2021\/05\/Resfriador-de-Massa-6.jpg 1487w\" sizes=\"(max-width: 300px) 100vw, 300px\" \/>\n            <\/div>\n        <\/div><div class=\"eael-entry-wrapper\"><header class=\"eael-entry-header\"><h2 class=\"eael-entry-title\"><a class=\"eael-grid-post-link\" href=\"https:\/\/www.liteq.com.br\/es\/enfriadores-de-massa\/\" title=\"Enfriadores de Massa\">Enfriadores de Massa<\/a><\/h2><\/header><div class=\"eael-entry-content\">\n                        <div class=\"eael-grid-post-excerpt\"><p>Los enfriadores de masa son equipos imprescindibles para el correcto ...<\/p><a href=\"https:\/\/www.liteq.com.br\/es\/enfriadores-de-massa\/\" class=\"eael-post-elements-readmore-btn\">saber mais<\/a><\/div>\n                    <\/div><\/div><\/div>\n        <\/div>\n    <\/article><article class=\"eael-grid-post eael-post-grid-column\" data-id=\"1888\">\n        <div class=\"eael-grid-post-holder\">\n            <div class=\"eael-grid-post-holder-inner\"><div class=\"eael-entry-media\"><div class=\"eael-entry-overlay fade-in\"><i class=\"fas fa-long-arrow-alt-right\" aria-hidden=\"true\"><\/i><a href=\"https:\/\/www.liteq.com.br\/es\/atemperadora-para-chocolate-2\/\"><\/a><\/div><div class=\"eael-entry-thumbnail \">\n                <img decoding=\"async\" width=\"300\" height=\"200\" src=\"https:\/\/www.liteq.com.br\/es\/wp-content\/uploads\/2021\/05\/temp-kopenhagen-3-300x200.jpg\" class=\"attachment-medium size-medium wp-image-2173\" alt=\"\" srcset=\"https:\/\/www.liteq.com.br\/es\/wp-content\/uploads\/2021\/05\/temp-kopenhagen-3-300x200.jpg 300w, https:\/\/www.liteq.com.br\/es\/wp-content\/uploads\/2021\/05\/temp-kopenhagen-3-1024x683.jpg 1024w, https:\/\/www.liteq.com.br\/es\/wp-content\/uploads\/2021\/05\/temp-kopenhagen-3-768x512.jpg 768w, https:\/\/www.liteq.com.br\/es\/wp-content\/uploads\/2021\/05\/temp-kopenhagen-3-1536x1024.jpg 1536w, https:\/\/www.liteq.com.br\/es\/wp-content\/uploads\/2021\/05\/temp-kopenhagen-3-16x12.jpg 16w, https:\/\/www.liteq.com.br\/es\/wp-content\/uploads\/2021\/05\/temp-kopenhagen-3.jpg 1599w\" sizes=\"(max-width: 300px) 100vw, 300px\" \/>\n            <\/div>\n        <\/div><div class=\"eael-entry-wrapper\"><header class=\"eael-entry-header\"><h2 class=\"eael-entry-title\"><a class=\"eael-grid-post-link\" href=\"https:\/\/www.liteq.com.br\/es\/atemperadora-para-chocolate-2\/\" title=\"Atemperadora para Chocolate\">Atemperadora para Chocolate<\/a><\/h2><\/header><div class=\"eael-entry-content\">\n                        <div class=\"eael-grid-post-excerpt\"><p>Las atemperadorasde chocolate son equipos esenciales para la producci\u00f3n de ...<\/p><a href=\"https:\/\/www.liteq.com.br\/es\/atemperadora-para-chocolate-2\/\" class=\"eael-post-elements-readmore-btn\">saber mais<\/a><\/div>\n                    <\/div><\/div><\/div>\n        <\/div>\n    <\/article><article class=\"eael-grid-post eael-post-grid-column\" data-id=\"1886\">\n        <div class=\"eael-grid-post-holder\">\n            <div class=\"eael-grid-post-holder-inner\"><div class=\"eael-entry-media\"><div class=\"eael-entry-overlay fade-in\"><i class=\"fas fa-long-arrow-alt-right\" aria-hidden=\"true\"><\/i><a href=\"https:\/\/www.liteq.com.br\/es\/equipo-para-formacion-de-mini-kibbles-regulares\/\"><\/a><\/div><div class=\"eael-entry-thumbnail \">\n                <img loading=\"lazy\" decoding=\"async\" width=\"300\" height=\"169\" src=\"https:\/\/www.liteq.com.br\/es\/wp-content\/uploads\/2021\/05\/thumb-generic2-300x169.jpg\" class=\"attachment-medium size-medium wp-image-2303\" alt=\"\" srcset=\"https:\/\/www.liteq.com.br\/es\/wp-content\/uploads\/2021\/05\/thumb-generic2-300x169.jpg 300w, https:\/\/www.liteq.com.br\/es\/wp-content\/uploads\/2021\/05\/thumb-generic2-1024x576.jpg 1024w, https:\/\/www.liteq.com.br\/es\/wp-content\/uploads\/2021\/05\/thumb-generic2-768x432.jpg 768w, https:\/\/www.liteq.com.br\/es\/wp-content\/uploads\/2021\/05\/thumb-generic2-16x9.jpg 16w, https:\/\/www.liteq.com.br\/es\/wp-content\/uploads\/2021\/05\/thumb-generic2.jpg 1280w\" sizes=\"(max-width: 300px) 100vw, 300px\" \/>\n            <\/div>\n        <\/div><div class=\"eael-entry-wrapper\"><header class=\"eael-entry-header\"><h2 class=\"eael-entry-title\"><a class=\"eael-grid-post-link\" href=\"https:\/\/www.liteq.com.br\/es\/equipo-para-formacion-de-mini-kibbles-regulares\/\" title=\"Equipo para formaci\u00f3n de mini Kibbles regulares\">Equipo para formaci\u00f3n de mini Kibbles regulares<\/a><\/h2><\/header><div class=\"eael-entry-content\">\n                        <div class=\"eael-grid-post-excerpt\"><p>La fi nalidad de este equipo es cortar las tiras ...<\/p><a href=\"https:\/\/www.liteq.com.br\/es\/equipo-para-formacion-de-mini-kibbles-regulares\/\" class=\"eael-post-elements-readmore-btn\">saber mais<\/a><\/div>\n                    <\/div><\/div><\/div>\n        <\/div>\n    <\/article><article class=\"eael-grid-post eael-post-grid-column\" data-id=\"1883\">\n        <div class=\"eael-grid-post-holder\">\n            <div class=\"eael-grid-post-holder-inner\"><div class=\"eael-entry-media\"><div class=\"eael-entry-overlay fade-in\"><i class=\"fas fa-long-arrow-alt-right\" aria-hidden=\"true\"><\/i><a href=\"https:\/\/www.liteq.com.br\/es\/depositadora-de-chocolate-rotativo\/\"><\/a><\/div><div class=\"eael-entry-thumbnail \">\n                <img loading=\"lazy\" decoding=\"async\" width=\"300\" height=\"200\" src=\"https:\/\/www.liteq.com.br\/es\/wp-content\/uploads\/2021\/05\/Dosadora-de-Chips_gotas_kibbles_7-300x200.jpg\" class=\"attachment-medium size-medium wp-image-2129\" alt=\"\" srcset=\"https:\/\/www.liteq.com.br\/es\/wp-content\/uploads\/2021\/05\/Dosadora-de-Chips_gotas_kibbles_7-300x200.jpg 300w, https:\/\/www.liteq.com.br\/es\/wp-content\/uploads\/2021\/05\/Dosadora-de-Chips_gotas_kibbles_7-1024x683.jpg 1024w, https:\/\/www.liteq.com.br\/es\/wp-content\/uploads\/2021\/05\/Dosadora-de-Chips_gotas_kibbles_7-768x512.jpg 768w, https:\/\/www.liteq.com.br\/es\/wp-content\/uploads\/2021\/05\/Dosadora-de-Chips_gotas_kibbles_7-1536x1024.jpg 1536w, https:\/\/www.liteq.com.br\/es\/wp-content\/uploads\/2021\/05\/Dosadora-de-Chips_gotas_kibbles_7-16x12.jpg 16w, https:\/\/www.liteq.com.br\/es\/wp-content\/uploads\/2021\/05\/Dosadora-de-Chips_gotas_kibbles_7.jpg 1599w\" sizes=\"(max-width: 300px) 100vw, 300px\" \/>\n            <\/div>\n        <\/div><div class=\"eael-entry-wrapper\"><header class=\"eael-entry-header\"><h2 class=\"eael-entry-title\"><a class=\"eael-grid-post-link\" href=\"https:\/\/www.liteq.com.br\/es\/depositadora-de-chocolate-rotativo\/\" title=\"Depositadora de Chocolate Rotativo\">Depositadora de Chocolate Rotativo<\/a><\/h2><\/header><div class=\"eael-entry-content\">\n                        <div class=\"eael-grid-post-excerpt\"><p>A LITEQ possui Depositadores de chocolate com grande precis\u00e3o, efici\u00eancia ...<\/p><a href=\"https:\/\/www.liteq.com.br\/es\/depositadora-de-chocolate-rotativo\/\" class=\"eael-post-elements-readmore-btn\">saber mais<\/a><\/div>\n                    <\/div><\/div><\/div>\n        <\/div>\n    <\/article><article class=\"eael-grid-post eael-post-grid-column\" data-id=\"1877\">\n        <div class=\"eael-grid-post-holder\">\n            <div class=\"eael-grid-post-holder-inner\"><div class=\"eael-entry-media\"><div class=\"eael-entry-overlay fade-in\"><i class=\"fas fa-long-arrow-alt-right\" aria-hidden=\"true\"><\/i><a href=\"https:\/\/www.liteq.com.br\/es\/depositadora-de-chocolate-a-piston\/\"><\/a><\/div><div class=\"eael-entry-thumbnail \">\n                <img loading=\"lazy\" decoding=\"async\" width=\"300\" height=\"200\" src=\"https:\/\/www.liteq.com.br\/es\/wp-content\/uploads\/2021\/05\/Depositadora-ONESHOT-LITEQ-4-300x200.jpg\" class=\"attachment-medium size-medium wp-image-2113\" alt=\"\" srcset=\"https:\/\/www.liteq.com.br\/es\/wp-content\/uploads\/2021\/05\/Depositadora-ONESHOT-LITEQ-4-300x200.jpg 300w, https:\/\/www.liteq.com.br\/es\/wp-content\/uploads\/2021\/05\/Depositadora-ONESHOT-LITEQ-4-1024x683.jpg 1024w, https:\/\/www.liteq.com.br\/es\/wp-content\/uploads\/2021\/05\/Depositadora-ONESHOT-LITEQ-4-768x512.jpg 768w, https:\/\/www.liteq.com.br\/es\/wp-content\/uploads\/2021\/05\/Depositadora-ONESHOT-LITEQ-4-1536x1025.jpg 1536w, https:\/\/www.liteq.com.br\/es\/wp-content\/uploads\/2021\/05\/Depositadora-ONESHOT-LITEQ-4-16x12.jpg 16w, https:\/\/www.liteq.com.br\/es\/wp-content\/uploads\/2021\/05\/Depositadora-ONESHOT-LITEQ-4.jpg 1598w\" sizes=\"(max-width: 300px) 100vw, 300px\" \/>\n            <\/div>\n        <\/div><div class=\"eael-entry-wrapper\"><header class=\"eael-entry-header\"><h2 class=\"eael-entry-title\"><a class=\"eael-grid-post-link\" href=\"https:\/\/www.liteq.com.br\/es\/depositadora-de-chocolate-a-piston\/\" title=\"Depositadora de Chocolate \u00e0 Pist\u00f3n\">Depositadora de Chocolate \u00e0 Pist\u00f3n<\/a><\/h2><\/header><div class=\"eael-entry-content\">\n                        <div class=\"eael-grid-post-excerpt\"><p>One Shot \/ \u00e0 ponto \/ l\u00edngua La depositadora de ...<\/p><a href=\"https:\/\/www.liteq.com.br\/es\/depositadora-de-chocolate-a-piston\/\" class=\"eael-post-elements-readmore-btn\">saber mais<\/a><\/div>\n                    <\/div><\/div><\/div>\n        <\/div>\n    <\/article><\/div>\n            <div class=\"clearfix\"><\/div>\n        <\/div>\t\t\t\t<\/div>\n\t\t\t\t<\/div>\n\t\t\t\t\t<\/div>\n\t\t<\/div>\n\t\t\t\t\t<\/div>\n\t\t<\/section>\n\t\t\t\t<\/div>\n\t\t","protected":false},"excerpt":{"rendered":"<p>Equipaos de chocolates T\u00faneis de Resfriamento \u201cOs T\u00faneis de resfriamento Liteq, s\u00e3o equipamentos projetados especialmente para &#8230; saber mais Resfriadores de Massa Os Resfriadores de Massa s\u00e3o equipamentos essenciais para o correto &#8230; saber mais Temperadeiras para Chocolate As Temperadeiras para Chocolate s\u00e3o equipamentos essenciais para a produ\u00e7\u00e3o &#8230; saber mais Dispositivo para forma\u00e7\u00e3o e &hellip;<\/p>\n<p class=\"read-more\"> <a class=\"\" href=\"https:\/\/www.liteq.com.br\/es\/depositadora-de-chocolate-a-piston\/\"> <span class=\"screen-reader-text\">Depositadora de Chocolate \u00e0 Pist\u00f3n<\/span> Leia mais &raquo;<\/a><\/p>\n","protected":false},"author":1,"featured_media":0,"parent":0,"menu_order":0,"comment_status":"closed","ping_status":"closed","template":"elementor_header_footer","meta":{"site-sidebar-layout":"no-sidebar","site-content-layout":"page-builder","ast-main-header-display":"","ast-hfb-above-header-display":"","ast-hfb-below-header-display":"","ast-hfb-mobile-header-display":"","site-post-title":"disabled","ast-breadcrumbs-content":"","ast-featured-img":"disabled","footer-sml-layout":"","theme-transparent-header-meta":"enabled","adv-header-id-meta":"","stick-header-meta":"","header-above-stick-meta":"","header-main-stick-meta":"","header-below-stick-meta":"","footnotes":""},"class_list":["post-1952","page","type-page","status-publish","hentry"],"_links":{"self":[{"href":"https:\/\/www.liteq.com.br\/es\/wp-json\/wp\/v2\/pages\/1952","targetHints":{"allow":["GET"]}}],"collection":[{"href":"https:\/\/www.liteq.com.br\/es\/wp-json\/wp\/v2\/pages"}],"about":[{"href":"https:\/\/www.liteq.com.br\/es\/wp-json\/wp\/v2\/types\/page"}],"author":[{"embeddable":true,"href":"https:\/\/www.liteq.com.br\/es\/wp-json\/wp\/v2\/users\/1"}],"replies":[{"embeddable":true,"href":"https:\/\/www.liteq.com.br\/es\/wp-json\/wp\/v2\/comments?post=1952"}],"version-history":[{"count":33,"href":"https:\/\/www.liteq.com.br\/es\/wp-json\/wp\/v2\/pages\/1952\/revisions"}],"predecessor-version":[{"id":3110,"href":"https:\/\/www.liteq.com.br\/es\/wp-json\/wp\/v2\/pages\/1952\/revisions\/3110"}],"wp:attachment":[{"href":"https:\/\/www.liteq.com.br\/es\/wp-json\/wp\/v2\/media?parent=1952"}],"curies":[{"name":"wp","href":"https:\/\/api.w.org\/{rel}","templated":true}]}}