{"id":1968,"date":"2021-05-03T17:55:48","date_gmt":"2021-05-03T17:55:48","guid":{"rendered":"https:\/\/www.liteq.com.br\/novo\/?page_id=1968"},"modified":"2021-09-13T17:56:21","modified_gmt":"2021-09-13T17:56:21","slug":"barras-y-bombons-cubiertos","status":"publish","type":"page","link":"https:\/\/www.liteq.com.br\/es\/barras-y-bombons-cubiertos\/","title":{"rendered":"Barras y Bombones Cubiertos"},"content":{"rendered":"\t\t<div data-elementor-type=\"wp-page\" data-elementor-id=\"1968\" class=\"elementor elementor-1968\" data-elementor-settings=\"{&quot;ha_cmc_init_switcher&quot;:&quot;no&quot;}\">\n\t\t\t\t\t\t<section class=\"elementor-section elementor-top-section elementor-element elementor-element-3383076 elementor-section-boxed elementor-section-height-default elementor-section-height-default exad-glass-effect-no exad-sticky-section-no\" data-id=\"3383076\" data-element_type=\"section\" data-settings=\"{&quot;background_background&quot;:&quot;classic&quot;,&quot;_ha_eqh_enable&quot;:false}\">\n\t\t\t\t\t\t\t<div class=\"elementor-background-overlay\"><\/div>\n\t\t\t\t\t\t\t<div class=\"elementor-container elementor-column-gap-default\">\n\t\t\t\t\t<div class=\"elementor-column elementor-col-100 elementor-top-column elementor-element elementor-element-b92d57c exad-glass-effect-no exad-sticky-section-no\" data-id=\"b92d57c\" data-element_type=\"column\">\n\t\t\t<div class=\"elementor-widget-wrap elementor-element-populated\">\n\t\t\t\t\t\t<div class=\"elementor-element elementor-element-c2e3368 exad-sticky-section-no exad-glass-effect-no elementor-widget elementor-widget-heading\" data-id=\"c2e3368\" data-element_type=\"widget\" data-widget_type=\"heading.default\">\n\t\t\t\t<div class=\"elementor-widget-container\">\n\t\t\t\t\t<h2 class=\"elementor-heading-title elementor-size-default\">Barras y Bombones Cubiertos<\/h2>\t\t\t\t<\/div>\n\t\t\t\t<\/div>\n\t\t\t\t\t<\/div>\n\t\t<\/div>\n\t\t\t\t\t<\/div>\n\t\t<\/section>\n\t\t\t\t<section class=\"elementor-section elementor-top-section elementor-element elementor-element-2b7bd7a elementor-section-boxed elementor-section-height-default elementor-section-height-default exad-glass-effect-no exad-sticky-section-no\" data-id=\"2b7bd7a\" data-element_type=\"section\" data-settings=\"{&quot;_ha_eqh_enable&quot;:false}\">\n\t\t\t\t\t\t<div class=\"elementor-container elementor-column-gap-default\">\n\t\t\t\t\t<div class=\"elementor-column elementor-col-100 elementor-top-column elementor-element elementor-element-7d27831 exad-glass-effect-no exad-sticky-section-no\" data-id=\"7d27831\" data-element_type=\"column\">\n\t\t\t<div class=\"elementor-widget-wrap elementor-element-populated\">\n\t\t\t\t\t\t<div class=\"elementor-element elementor-element-c232db9 elementor-grid-eael-col-4 elementor-grid-tablet-eael-col-2 elementor-grid-mobile-eael-col-1 exad-sticky-section-no exad-glass-effect-no elementor-widget elementor-widget-eael-post-grid\" data-id=\"c232db9\" data-element_type=\"widget\" data-settings=\"{&quot;eael_post_grid_columns&quot;:&quot;eael-col-4&quot;,&quot;eael_post_grid_columns_tablet&quot;:&quot;eael-col-2&quot;,&quot;eael_post_grid_columns_mobile&quot;:&quot;eael-col-1&quot;}\" data-widget_type=\"eael-post-grid.default\">\n\t\t\t\t<div class=\"elementor-widget-container\">\n\t\t\t\t\t<div id=\"eael-post-grid-c232db9\" class=\"eael-post-grid-container\">\n            <div class=\"eael-post-grid eael-post-appender eael-post-appender-c232db9 eael-post-grid-style-one\" data-layout-mode=\"grid\"><article class=\"eael-grid-post eael-post-grid-column\" data-id=\"1851\">\n        <div class=\"eael-grid-post-holder\">\n            <div class=\"eael-grid-post-holder-inner\"><div class=\"eael-entry-media\"><div class=\"eael-entry-overlay fade-in\"><i class=\"fas fa-long-arrow-alt-right\" aria-hidden=\"true\"><\/i><a href=\"https:\/\/www.liteq.com.br\/es\/tuneles-de-enfriamento\/\"><\/a><\/div><div class=\"eael-entry-thumbnail \">\n                <img fetchpriority=\"high\" decoding=\"async\" width=\"300\" height=\"200\" src=\"https:\/\/www.liteq.com.br\/es\/wp-content\/uploads\/2021\/05\/Liteq-Tuneis-de-resfriamento-13-300x200.jpg\" class=\"attachment-medium size-medium wp-image-2224\" alt=\"\" srcset=\"https:\/\/www.liteq.com.br\/es\/wp-content\/uploads\/2021\/05\/Liteq-Tuneis-de-resfriamento-13-300x200.jpg 300w, https:\/\/www.liteq.com.br\/es\/wp-content\/uploads\/2021\/05\/Liteq-Tuneis-de-resfriamento-13-1024x683.jpg 1024w, https:\/\/www.liteq.com.br\/es\/wp-content\/uploads\/2021\/05\/Liteq-Tuneis-de-resfriamento-13-768x512.jpg 768w, https:\/\/www.liteq.com.br\/es\/wp-content\/uploads\/2021\/05\/Liteq-Tuneis-de-resfriamento-13-1536x1025.jpg 1536w, https:\/\/www.liteq.com.br\/es\/wp-content\/uploads\/2021\/05\/Liteq-Tuneis-de-resfriamento-13-16x12.jpg 16w, https:\/\/www.liteq.com.br\/es\/wp-content\/uploads\/2021\/05\/Liteq-Tuneis-de-resfriamento-13.jpg 1598w\" sizes=\"(max-width: 300px) 100vw, 300px\" \/>\n            <\/div>\n        <\/div><div class=\"eael-entry-wrapper\"><header class=\"eael-entry-header\"><h2 class=\"eael-entry-title\"><a class=\"eael-grid-post-link\" href=\"https:\/\/www.liteq.com.br\/es\/tuneles-de-enfriamento\/\" title=\"T\u00faneles de Enfriamento\">T\u00faneles de Enfriamento<\/a><\/h2><\/header><div class=\"eael-entry-content\">\n                        <div class=\"eael-grid-post-excerpt\"><p>Los t\u00faneles de enfriamiento Liteq son equipos especialmente dise\u00f1ados para ...<\/p><a href=\"https:\/\/www.liteq.com.br\/es\/tuneles-de-enfriamento\/\" class=\"eael-post-elements-readmore-btn\">saber mais<\/a><\/div>\n                    <\/div><\/div><\/div>\n        <\/div>\n    <\/article><article class=\"eael-grid-post eael-post-grid-column\" data-id=\"1871\">\n        <div class=\"eael-grid-post-holder\">\n            <div class=\"eael-grid-post-holder-inner\"><div class=\"eael-entry-wrapper\"><header class=\"eael-entry-header\"><h2 class=\"eael-entry-title\"><a class=\"eael-grid-post-link\" href=\"https:\/\/www.liteq.com.br\/es\/decorador\/\" title=\"Decorador\">Decorador<\/a><\/h2><\/header><div class=\"eael-entry-content\">\n                        <div class=\"eael-grid-post-excerpt\"><p>O objetivo deste equipamento \u00e9 decorar os produtos com filetes ...<\/p><a href=\"https:\/\/www.liteq.com.br\/es\/decorador\/\" class=\"eael-post-elements-readmore-btn\">saber mais<\/a><\/div>\n                    <\/div><\/div><\/div>\n        <\/div>\n    <\/article><article class=\"eael-grid-post eael-post-grid-column\" data-id=\"1869\">\n        <div class=\"eael-grid-post-holder\">\n            <div class=\"eael-grid-post-holder-inner\"><div class=\"eael-entry-media\"><div class=\"eael-entry-overlay fade-in\"><i class=\"fas fa-long-arrow-alt-right\" aria-hidden=\"true\"><\/i><a href=\"https:\/\/www.liteq.com.br\/es\/atemperadora-para-chocolate\/\"><\/a><\/div><div class=\"eael-entry-thumbnail \">\n                <img decoding=\"async\" width=\"300\" height=\"200\" src=\"https:\/\/www.liteq.com.br\/es\/wp-content\/uploads\/2021\/05\/temp-kopenhagen-3-300x200.jpg\" class=\"attachment-medium size-medium wp-image-2173\" alt=\"\" srcset=\"https:\/\/www.liteq.com.br\/es\/wp-content\/uploads\/2021\/05\/temp-kopenhagen-3-300x200.jpg 300w, https:\/\/www.liteq.com.br\/es\/wp-content\/uploads\/2021\/05\/temp-kopenhagen-3-1024x683.jpg 1024w, https:\/\/www.liteq.com.br\/es\/wp-content\/uploads\/2021\/05\/temp-kopenhagen-3-768x512.jpg 768w, https:\/\/www.liteq.com.br\/es\/wp-content\/uploads\/2021\/05\/temp-kopenhagen-3-1536x1024.jpg 1536w, https:\/\/www.liteq.com.br\/es\/wp-content\/uploads\/2021\/05\/temp-kopenhagen-3-16x12.jpg 16w, https:\/\/www.liteq.com.br\/es\/wp-content\/uploads\/2021\/05\/temp-kopenhagen-3.jpg 1599w\" sizes=\"(max-width: 300px) 100vw, 300px\" \/>\n            <\/div>\n        <\/div><div class=\"eael-entry-wrapper\"><header class=\"eael-entry-header\"><h2 class=\"eael-entry-title\"><a class=\"eael-grid-post-link\" href=\"https:\/\/www.liteq.com.br\/es\/atemperadora-para-chocolate\/\" title=\"Atemperadora para Chocolate\">Atemperadora para Chocolate<\/a><\/h2><\/header><div class=\"eael-entry-content\">\n                        <div class=\"eael-grid-post-excerpt\"><p>Las atemperadoras de chocolate son equipos esenciales para la producci\u00f3n ...<\/p><a href=\"https:\/\/www.liteq.com.br\/es\/atemperadora-para-chocolate\/\" class=\"eael-post-elements-readmore-btn\">saber mais<\/a><\/div>\n                    <\/div><\/div><\/div>\n        <\/div>\n    <\/article><article class=\"eael-grid-post eael-post-grid-column\" data-id=\"1866\">\n        <div class=\"eael-grid-post-holder\">\n            <div class=\"eael-grid-post-holder-inner\"><div class=\"eael-entry-media\"><div class=\"eael-entry-overlay fade-in\"><i class=\"fas fa-long-arrow-alt-right\" aria-hidden=\"true\"><\/i><a href=\"https:\/\/www.liteq.com.br\/es\/banadoras\/\"><\/a><\/div><div class=\"eael-entry-thumbnail \">\n                <img decoding=\"async\" width=\"300\" height=\"200\" src=\"https:\/\/www.liteq.com.br\/es\/wp-content\/uploads\/2021\/05\/IMG_5962-300x200.jpg\" class=\"attachment-medium size-medium wp-image-2087\" alt=\"\" srcset=\"https:\/\/www.liteq.com.br\/es\/wp-content\/uploads\/2021\/05\/IMG_5962-300x200.jpg 300w, https:\/\/www.liteq.com.br\/es\/wp-content\/uploads\/2021\/05\/IMG_5962-1024x683.jpg 1024w, https:\/\/www.liteq.com.br\/es\/wp-content\/uploads\/2021\/05\/IMG_5962-768x512.jpg 768w, https:\/\/www.liteq.com.br\/es\/wp-content\/uploads\/2021\/05\/IMG_5962-1536x1024.jpg 1536w, https:\/\/www.liteq.com.br\/es\/wp-content\/uploads\/2021\/05\/IMG_5962-16x12.jpg 16w, https:\/\/www.liteq.com.br\/es\/wp-content\/uploads\/2021\/05\/IMG_5962.jpg 1599w\" sizes=\"(max-width: 300px) 100vw, 300px\" \/>\n            <\/div>\n        <\/div><div class=\"eael-entry-wrapper\"><header class=\"eael-entry-header\"><h2 class=\"eael-entry-title\"><a class=\"eael-grid-post-link\" href=\"https:\/\/www.liteq.com.br\/es\/banadoras\/\" title=\"Ba\u00f1adoras\">Ba\u00f1adoras<\/a><\/h2><\/header><div class=\"eael-entry-content\">\n                        <div class=\"eael-grid-post-excerpt\"><p>Las ba\u00f1adoras Liteq para chocolate y masas similares (compound) son ...<\/p><a href=\"https:\/\/www.liteq.com.br\/es\/banadoras\/\" class=\"eael-post-elements-readmore-btn\">saber mais<\/a><\/div>\n                    <\/div><\/div><\/div>\n        <\/div>\n    <\/article><article class=\"eael-grid-post eael-post-grid-column\" data-id=\"1861\">\n        <div class=\"eael-grid-post-holder\">\n            <div class=\"eael-grid-post-holder-inner\"><div class=\"eael-entry-media\"><div class=\"eael-entry-overlay fade-in\"><i class=\"fas fa-long-arrow-alt-right\" aria-hidden=\"true\"><\/i><a href=\"https:\/\/www.liteq.com.br\/es\/estaciones-de-corte-longitudinal-transversal\/\"><\/a><\/div><div class=\"eael-entry-thumbnail \">\n                <img loading=\"lazy\" decoding=\"async\" width=\"300\" height=\"169\" src=\"https:\/\/www.liteq.com.br\/es\/wp-content\/uploads\/2021\/05\/thumb-generic2-300x169.jpg\" class=\"attachment-medium size-medium wp-image-2303\" alt=\"\" srcset=\"https:\/\/www.liteq.com.br\/es\/wp-content\/uploads\/2021\/05\/thumb-generic2-300x169.jpg 300w, https:\/\/www.liteq.com.br\/es\/wp-content\/uploads\/2021\/05\/thumb-generic2-1024x576.jpg 1024w, https:\/\/www.liteq.com.br\/es\/wp-content\/uploads\/2021\/05\/thumb-generic2-768x432.jpg 768w, https:\/\/www.liteq.com.br\/es\/wp-content\/uploads\/2021\/05\/thumb-generic2-16x9.jpg 16w, https:\/\/www.liteq.com.br\/es\/wp-content\/uploads\/2021\/05\/thumb-generic2.jpg 1280w\" sizes=\"(max-width: 300px) 100vw, 300px\" \/>\n            <\/div>\n        <\/div><div class=\"eael-entry-wrapper\"><header class=\"eael-entry-header\"><h2 class=\"eael-entry-title\"><a class=\"eael-grid-post-link\" href=\"https:\/\/www.liteq.com.br\/es\/estaciones-de-corte-longitudinal-transversal\/\" title=\"Estaciones de Corte Longitudinal \/ Transversal\">Estaciones de Corte Longitudinal \/ Transversal<\/a><\/h2><\/header><div class=\"eael-entry-content\">\n                        <div class=\"eael-grid-post-excerpt\"><p>Las estaciones de corte longitudinal \/ transversal son equipos proyectados ...<\/p><a href=\"https:\/\/www.liteq.com.br\/es\/estaciones-de-corte-longitudinal-transversal\/\" class=\"eael-post-elements-readmore-btn\">saber mais<\/a><\/div>\n                    <\/div><\/div><\/div>\n        <\/div>\n    <\/article><article class=\"eael-grid-post eael-post-grid-column\" data-id=\"1848\">\n        <div class=\"eael-grid-post-holder\">\n            <div class=\"eael-grid-post-holder-inner\"><div class=\"eael-entry-media\"><div class=\"eael-entry-overlay fade-in\"><i class=\"fas fa-long-arrow-alt-right\" aria-hidden=\"true\"><\/i><a href=\"https:\/\/www.liteq.com.br\/es\/calibrador-de-alfombra\/\"><\/a><\/div><div class=\"eael-entry-thumbnail \">\n                <img loading=\"lazy\" decoding=\"async\" width=\"300\" height=\"169\" src=\"https:\/\/www.liteq.com.br\/es\/wp-content\/uploads\/2021\/05\/thumb-generic2-300x169.jpg\" class=\"attachment-medium size-medium wp-image-2303\" alt=\"\" srcset=\"https:\/\/www.liteq.com.br\/es\/wp-content\/uploads\/2021\/05\/thumb-generic2-300x169.jpg 300w, https:\/\/www.liteq.com.br\/es\/wp-content\/uploads\/2021\/05\/thumb-generic2-1024x576.jpg 1024w, https:\/\/www.liteq.com.br\/es\/wp-content\/uploads\/2021\/05\/thumb-generic2-768x432.jpg 768w, https:\/\/www.liteq.com.br\/es\/wp-content\/uploads\/2021\/05\/thumb-generic2-16x9.jpg 16w, https:\/\/www.liteq.com.br\/es\/wp-content\/uploads\/2021\/05\/thumb-generic2.jpg 1280w\" sizes=\"(max-width: 300px) 100vw, 300px\" \/>\n            <\/div>\n        <\/div><div class=\"eael-entry-wrapper\"><header class=\"eael-entry-header\"><h2 class=\"eael-entry-title\"><a class=\"eael-grid-post-link\" href=\"https:\/\/www.liteq.com.br\/es\/calibrador-de-alfombra\/\" title=\"Calibrador de Alfombra\">Calibrador de Alfombra<\/a><\/h2><\/header><div class=\"eael-entry-content\">\n                        <div class=\"eael-grid-post-excerpt\"><p>La calibradora de alfombra es un equipo cuya finalidad es ...<\/p><a href=\"https:\/\/www.liteq.com.br\/es\/calibrador-de-alfombra\/\" class=\"eael-post-elements-readmore-btn\">saber mais<\/a><\/div>\n                    <\/div><\/div><\/div>\n        <\/div>\n    <\/article><article class=\"eael-grid-post eael-post-grid-column\" data-id=\"1863\">\n        <div class=\"eael-grid-post-holder\">\n            <div class=\"eael-grid-post-holder-inner\"><div class=\"eael-entry-media\"><div class=\"eael-entry-overlay fade-in\"><i class=\"fas fa-long-arrow-alt-right\" aria-hidden=\"true\"><\/i><a href=\"https:\/\/www.liteq.com.br\/es\/mesa-extensora\/\"><\/a><\/div><div class=\"eael-entry-thumbnail \">\n                <img loading=\"lazy\" decoding=\"async\" width=\"300\" height=\"169\" src=\"https:\/\/www.liteq.com.br\/es\/wp-content\/uploads\/2021\/05\/thumb-generic2-300x169.jpg\" class=\"attachment-medium size-medium wp-image-2303\" alt=\"\" srcset=\"https:\/\/www.liteq.com.br\/es\/wp-content\/uploads\/2021\/05\/thumb-generic2-300x169.jpg 300w, https:\/\/www.liteq.com.br\/es\/wp-content\/uploads\/2021\/05\/thumb-generic2-1024x576.jpg 1024w, https:\/\/www.liteq.com.br\/es\/wp-content\/uploads\/2021\/05\/thumb-generic2-768x432.jpg 768w, https:\/\/www.liteq.com.br\/es\/wp-content\/uploads\/2021\/05\/thumb-generic2-16x9.jpg 16w, https:\/\/www.liteq.com.br\/es\/wp-content\/uploads\/2021\/05\/thumb-generic2.jpg 1280w\" sizes=\"(max-width: 300px) 100vw, 300px\" \/>\n            <\/div>\n        <\/div><div class=\"eael-entry-wrapper\"><header class=\"eael-entry-header\"><h2 class=\"eael-entry-title\"><a class=\"eael-grid-post-link\" href=\"https:\/\/www.liteq.com.br\/es\/mesa-extensora\/\" title=\"Mesa Extensora\">Mesa Extensora<\/a><\/h2><\/header><div class=\"eael-entry-content\">\n                        <div class=\"eael-grid-post-excerpt\"><p>Las mesas extensoras son transportadores especialmente desarrollados para separar \/ ...<\/p><a href=\"https:\/\/www.liteq.com.br\/es\/mesa-extensora\/\" class=\"eael-post-elements-readmore-btn\">saber mais<\/a><\/div>\n                    <\/div><\/div><\/div>\n        <\/div>\n    <\/article><article class=\"eael-grid-post eael-post-grid-column\" data-id=\"1845\">\n        <div class=\"eael-grid-post-holder\">\n            <div class=\"eael-grid-post-holder-inner\"><div class=\"eael-entry-media\"><div class=\"eael-entry-overlay fade-in\"><i class=\"fas fa-long-arrow-alt-right\" aria-hidden=\"true\"><\/i><a href=\"https:\/\/www.liteq.com.br\/es\/laminador-de-alfombra\/\"><\/a><\/div><div class=\"eael-entry-thumbnail \">\n                <img loading=\"lazy\" decoding=\"async\" width=\"300\" height=\"169\" src=\"https:\/\/www.liteq.com.br\/es\/wp-content\/uploads\/2021\/05\/thumb-generic2-300x169.jpg\" class=\"attachment-medium size-medium wp-image-2303\" alt=\"\" srcset=\"https:\/\/www.liteq.com.br\/es\/wp-content\/uploads\/2021\/05\/thumb-generic2-300x169.jpg 300w, https:\/\/www.liteq.com.br\/es\/wp-content\/uploads\/2021\/05\/thumb-generic2-1024x576.jpg 1024w, https:\/\/www.liteq.com.br\/es\/wp-content\/uploads\/2021\/05\/thumb-generic2-768x432.jpg 768w, https:\/\/www.liteq.com.br\/es\/wp-content\/uploads\/2021\/05\/thumb-generic2-16x9.jpg 16w, https:\/\/www.liteq.com.br\/es\/wp-content\/uploads\/2021\/05\/thumb-generic2.jpg 1280w\" sizes=\"(max-width: 300px) 100vw, 300px\" \/>\n            <\/div>\n        <\/div><div class=\"eael-entry-wrapper\"><header class=\"eael-entry-header\"><h2 class=\"eael-entry-title\"><a class=\"eael-grid-post-link\" href=\"https:\/\/www.liteq.com.br\/es\/laminador-de-alfombra\/\" title=\"Laminador de Alfombra\">Laminador de Alfombra<\/a><\/h2><\/header><div class=\"eael-entry-content\">\n                        <div class=\"eael-grid-post-excerpt\"><p>El sistema de laminadora de alfombra es un equipo adecuado ...<\/p><a href=\"https:\/\/www.liteq.com.br\/es\/laminador-de-alfombra\/\" class=\"eael-post-elements-readmore-btn\">saber mais<\/a><\/div>\n                    <\/div><\/div><\/div>\n        <\/div>\n    <\/article><article class=\"eael-grid-post eael-post-grid-column\" data-id=\"1842\">\n        <div class=\"eael-grid-post-holder\">\n            <div class=\"eael-grid-post-holder-inner\"><div class=\"eael-entry-media\"><div class=\"eael-entry-overlay fade-in\"><i class=\"fas fa-long-arrow-alt-right\" aria-hidden=\"true\"><\/i><a href=\"https:\/\/www.liteq.com.br\/es\/formadora-de-alfombra\/\"><\/a><\/div><div class=\"eael-entry-thumbnail \">\n                <img loading=\"lazy\" decoding=\"async\" width=\"300\" height=\"169\" src=\"https:\/\/www.liteq.com.br\/es\/wp-content\/uploads\/2021\/05\/thumb-generic2-300x169.jpg\" class=\"attachment-medium size-medium wp-image-2303\" alt=\"\" srcset=\"https:\/\/www.liteq.com.br\/es\/wp-content\/uploads\/2021\/05\/thumb-generic2-300x169.jpg 300w, https:\/\/www.liteq.com.br\/es\/wp-content\/uploads\/2021\/05\/thumb-generic2-1024x576.jpg 1024w, https:\/\/www.liteq.com.br\/es\/wp-content\/uploads\/2021\/05\/thumb-generic2-768x432.jpg 768w, https:\/\/www.liteq.com.br\/es\/wp-content\/uploads\/2021\/05\/thumb-generic2-16x9.jpg 16w, https:\/\/www.liteq.com.br\/es\/wp-content\/uploads\/2021\/05\/thumb-generic2.jpg 1280w\" sizes=\"(max-width: 300px) 100vw, 300px\" \/>\n            <\/div>\n        <\/div><div class=\"eael-entry-wrapper\"><header class=\"eael-entry-header\"><h2 class=\"eael-entry-title\"><a class=\"eael-grid-post-link\" href=\"https:\/\/www.liteq.com.br\/es\/formadora-de-alfombra\/\" title=\"Formadora de Alfombra\">Formadora de Alfombra<\/a><\/h2><\/header><div class=\"eael-entry-content\">\n                        <div class=\"eael-grid-post-excerpt\"><p>La formadora de alfombraes un equipo adecuado a la fabricaci\u00f3n ...<\/p><a href=\"https:\/\/www.liteq.com.br\/es\/formadora-de-alfombra\/\" class=\"eael-post-elements-readmore-btn\">saber mais<\/a><\/div>\n                    <\/div><\/div><\/div>\n        <\/div>\n    <\/article><article class=\"eael-grid-post eael-post-grid-column\" data-id=\"1\">\n        <div class=\"eael-grid-post-holder\">\n            <div class=\"eael-grid-post-holder-inner\"><div class=\"eael-entry-media\"><div class=\"eael-entry-overlay fade-in\"><i class=\"fas fa-long-arrow-alt-right\" aria-hidden=\"true\"><\/i><a href=\"https:\/\/www.liteq.com.br\/es\/modeladora-rotativa\/\"><\/a><\/div><div class=\"eael-entry-thumbnail \">\n                <img loading=\"lazy\" decoding=\"async\" width=\"300\" height=\"169\" src=\"https:\/\/www.liteq.com.br\/es\/wp-content\/uploads\/2021\/05\/thumb-generic2-300x169.jpg\" class=\"attachment-medium size-medium wp-image-2303\" alt=\"\" srcset=\"https:\/\/www.liteq.com.br\/es\/wp-content\/uploads\/2021\/05\/thumb-generic2-300x169.jpg 300w, https:\/\/www.liteq.com.br\/es\/wp-content\/uploads\/2021\/05\/thumb-generic2-1024x576.jpg 1024w, https:\/\/www.liteq.com.br\/es\/wp-content\/uploads\/2021\/05\/thumb-generic2-768x432.jpg 768w, https:\/\/www.liteq.com.br\/es\/wp-content\/uploads\/2021\/05\/thumb-generic2-16x9.jpg 16w, https:\/\/www.liteq.com.br\/es\/wp-content\/uploads\/2021\/05\/thumb-generic2.jpg 1280w\" sizes=\"(max-width: 300px) 100vw, 300px\" \/>\n            <\/div>\n        <\/div><div class=\"eael-entry-wrapper\"><header class=\"eael-entry-header\"><h2 class=\"eael-entry-title\"><a class=\"eael-grid-post-link\" href=\"https:\/\/www.liteq.com.br\/es\/modeladora-rotativa\/\" title=\"Modeladora Rotativa \/ Extrusora\">Modeladora Rotativa \/ Extrusora<\/a><\/h2><\/header><div class=\"eael-entry-content\">\n                        <div class=\"eael-grid-post-excerpt\"><p>La moldeadora es un equipo extremadamente econ\u00f3mico y vers\u00e1til, desarrollado ...<\/p><a href=\"https:\/\/www.liteq.com.br\/es\/modeladora-rotativa\/\" class=\"eael-post-elements-readmore-btn\">saber mais<\/a><\/div>\n                    <\/div><\/div><\/div>\n        <\/div>\n    <\/article><\/div>\n            <div class=\"clearfix\"><\/div>\n        <\/div>\t\t\t\t<\/div>\n\t\t\t\t<\/div>\n\t\t\t\t\t<\/div>\n\t\t<\/div>\n\t\t\t\t\t<\/div>\n\t\t<\/section>\n\t\t\t\t<\/div>\n\t\t","protected":false},"excerpt":{"rendered":"<p>Barras y Bombones Cubiertos T\u00faneis de Resfriamento Os T\u00faneis de Resfriamento LITEQ s\u00e3o equipamentos projetados especialmente para &#8230; saber mais Decorador O objetivo deste equipamento \u00e9 decorar os produtos com filetes &#8230; saber mais Temperadeira para Chocolate As Temperadeiras para Chocolate s\u00e3o essenciais para a produ\u00e7\u00e3o de &#8230; saber mais Cobrideira As Cobrideiras LITEQ, para &hellip;<\/p>\n<p class=\"read-more\"> <a class=\"\" href=\"https:\/\/www.liteq.com.br\/es\/modeladora-rotativa\/\"> <span class=\"screen-reader-text\">Modeladora Rotativa \/ Extrusora<\/span> Leia mais &raquo;<\/a><\/p>\n","protected":false},"author":1,"featured_media":0,"parent":0,"menu_order":0,"comment_status":"closed","ping_status":"closed","template":"elementor_header_footer","meta":{"site-sidebar-layout":"no-sidebar","site-content-layout":"page-builder","ast-main-header-display":"","ast-hfb-above-header-display":"","ast-hfb-below-header-display":"","ast-hfb-mobile-header-display":"","site-post-title":"disabled","ast-breadcrumbs-content":"","ast-featured-img":"disabled","footer-sml-layout":"","theme-transparent-header-meta":"enabled","adv-header-id-meta":"","stick-header-meta":"","header-above-stick-meta":"","header-main-stick-meta":"","header-below-stick-meta":"","footnotes":""},"class_list":["post-1968","page","type-page","status-publish","hentry"],"_links":{"self":[{"href":"https:\/\/www.liteq.com.br\/es\/wp-json\/wp\/v2\/pages\/1968","targetHints":{"allow":["GET"]}}],"collection":[{"href":"https:\/\/www.liteq.com.br\/es\/wp-json\/wp\/v2\/pages"}],"about":[{"href":"https:\/\/www.liteq.com.br\/es\/wp-json\/wp\/v2\/types\/page"}],"author":[{"embeddable":true,"href":"https:\/\/www.liteq.com.br\/es\/wp-json\/wp\/v2\/users\/1"}],"replies":[{"embeddable":true,"href":"https:\/\/www.liteq.com.br\/es\/wp-json\/wp\/v2\/comments?post=1968"}],"version-history":[{"count":15,"href":"https:\/\/www.liteq.com.br\/es\/wp-json\/wp\/v2\/pages\/1968\/revisions"}],"predecessor-version":[{"id":3113,"href":"https:\/\/www.liteq.com.br\/es\/wp-json\/wp\/v2\/pages\/1968\/revisions\/3113"}],"wp:attachment":[{"href":"https:\/\/www.liteq.com.br\/es\/wp-json\/wp\/v2\/media?parent=1968"}],"curies":[{"name":"wp","href":"https:\/\/api.w.org\/{rel}","templated":true}]}}