{"id":2,"date":"2020-11-23T18:03:35","date_gmt":"2020-11-23T18:03:35","guid":{"rendered":"http:\/\/localhost\/liteq\/?page_id=2"},"modified":"2021-09-13T17:49:51","modified_gmt":"2021-09-13T17:49:51","slug":"posventa","status":"publish","type":"page","link":"https:\/\/www.liteq.com.br\/es\/posventa\/","title":{"rendered":"Posventa"},"content":{"rendered":"\t\t<div data-elementor-type=\"wp-page\" data-elementor-id=\"2\" class=\"elementor elementor-2\" data-elementor-settings=\"{&quot;ha_cmc_init_switcher&quot;:&quot;no&quot;}\">\n\t\t\t\t\t\t<section class=\"elementor-section elementor-top-section elementor-element elementor-element-7c256c7 elementor-section-boxed elementor-section-height-default elementor-section-height-default exad-glass-effect-no exad-sticky-section-no\" data-id=\"7c256c7\" data-element_type=\"section\" data-settings=\"{&quot;background_background&quot;:&quot;classic&quot;,&quot;_ha_eqh_enable&quot;:false}\">\n\t\t\t\t\t\t\t<div class=\"elementor-background-overlay\"><\/div>\n\t\t\t\t\t\t\t<div class=\"elementor-container elementor-column-gap-default\">\n\t\t\t\t\t<div class=\"elementor-column elementor-col-100 elementor-top-column elementor-element elementor-element-b469808 exad-glass-effect-no exad-sticky-section-no\" data-id=\"b469808\" data-element_type=\"column\">\n\t\t\t<div class=\"elementor-widget-wrap elementor-element-populated\">\n\t\t\t\t\t\t<div class=\"elementor-element elementor-element-87757dd exad-sticky-section-no exad-glass-effect-no elementor-widget elementor-widget-heading\" data-id=\"87757dd\" data-element_type=\"widget\" data-widget_type=\"heading.default\">\n\t\t\t\t<div class=\"elementor-widget-container\">\n\t\t\t\t\t<h2 class=\"elementor-heading-title elementor-size-default\">SERVICIOS Y REPUESTOS<\/h2>\t\t\t\t<\/div>\n\t\t\t\t<\/div>\n\t\t\t\t\t<\/div>\n\t\t<\/div>\n\t\t\t\t\t<\/div>\n\t\t<\/section>\n\t\t\t\t<section class=\"elementor-section elementor-top-section elementor-element elementor-element-7ff1e33b elementor-section-boxed elementor-section-height-default elementor-section-height-default exad-glass-effect-no exad-sticky-section-no\" data-id=\"7ff1e33b\" data-element_type=\"section\" data-settings=\"{&quot;_ha_eqh_enable&quot;:false}\">\n\t\t\t\t\t\t<div class=\"elementor-container elementor-column-gap-default\">\n\t\t\t\t\t<div class=\"elementor-column elementor-col-50 elementor-top-column elementor-element elementor-element-745ef64e exad-glass-effect-no exad-sticky-section-no\" data-id=\"745ef64e\" data-element_type=\"column\">\n\t\t\t<div class=\"elementor-widget-wrap elementor-element-populated\">\n\t\t\t\t\t\t<div class=\"elementor-element elementor-element-8c09c44 exad-sticky-section-no exad-glass-effect-no elementor-widget elementor-widget-text-editor\" data-id=\"8c09c44\" data-element_type=\"widget\" data-widget_type=\"text-editor.default\">\n\t\t\t\t<div class=\"elementor-widget-container\">\n\t\t\t\t\t\t\t\t\t<p><\/p>\n<p><\/p>\n<p><\/p>\n<p>Durante la vida \u00fatil de su equipo, LITEQ puede proporcionar repuestos originales, bien como servicios de soporte como mantenimiento preventivo o correctivo.<\/p>\n<p>Los servicios incluyen mantener su producci\u00f3n en funcionamiento continuo, a trav\u00e9s del soporte t\u00e9cnico en mantenimiento y reparos, desde su entrega (puesta en servicio) hasta su descarte.<\/p>\n<p>Los t\u00e9cnicos de LITEQ son extremadamente capacitados y calificados para sus funciones, siempre disponibles para actuar con prontitud en los problemas de interrupci\u00f3n de actividadcausados por fallas t\u00e9cnicas detectadas (mantenimiento correctivo).<\/p>\n<p>Nuestro objetivo es resolver su problema inmediatamente para mantener su producci\u00f3n en funcionamiento.<\/p>\n<p>Benef\u00edcios garantizados:<\/p>\n<ul>\n<li>Mantener el tiempo de inactividad lo m\u00e1s bajo posible; <\/li>\n<li>Resoluci\u00f3n de problemas de inmediato; <\/li>\n<li>Menor p\u00e9rdida de producci\u00f3n en relaci\u00f3n con el tiempo de inactividad.<\/li>\n<\/ul>\n<p><\/p>\t\t\t\t\t\t\t\t<\/div>\n\t\t\t\t<\/div>\n\t\t\t\t\t<\/div>\n\t\t<\/div>\n\t\t\t\t<div class=\"elementor-column elementor-col-50 elementor-top-column elementor-element elementor-element-3691bfb exad-glass-effect-no exad-sticky-section-no\" data-id=\"3691bfb\" data-element_type=\"column\">\n\t\t\t<div class=\"elementor-widget-wrap\">\n\t\t\t\t\t\t\t<\/div>\n\t\t<\/div>\n\t\t\t\t\t<\/div>\n\t\t<\/section>\n\t\t\t\t<\/div>\n\t\t","protected":false},"excerpt":{"rendered":"<p>SERVICIOS Y REPUESTOS Durante la vida \u00fatil de su equipo, LITEQ puede proporcionar repuestos originales, bien como servicios de soporte como mantenimiento preventivo o correctivo. Los servicios incluyen mantener su producci\u00f3n en funcionamiento continuo, a trav\u00e9s del soporte t\u00e9cnico en mantenimiento y reparos, desde su entrega (puesta en servicio) hasta su descarte. Los t\u00e9cnicos de &hellip;<\/p>\n<p class=\"read-more\"> <a class=\"\" href=\"https:\/\/www.liteq.com.br\/es\/posventa\/\"> <span class=\"screen-reader-text\">Posventa<\/span> Leia mais &raquo;<\/a><\/p>\n","protected":false},"author":1,"featured_media":0,"parent":0,"menu_order":0,"comment_status":"closed","ping_status":"closed","template":"elementor_header_footer","meta":{"site-sidebar-layout":"default","site-content-layout":"page-builder","ast-main-header-display":"","ast-hfb-above-header-display":"","ast-hfb-below-header-display":"","ast-hfb-mobile-header-display":"","site-post-title":"","ast-breadcrumbs-content":"","ast-featured-img":"","footer-sml-layout":"","theme-transparent-header-meta":"enabled","adv-header-id-meta":"","stick-header-meta":"","header-above-stick-meta":"","header-main-stick-meta":"","header-below-stick-meta":"","footnotes":""},"class_list":["post-2","page","type-page","status-publish","hentry"],"_links":{"self":[{"href":"https:\/\/www.liteq.com.br\/es\/wp-json\/wp\/v2\/pages\/2","targetHints":{"allow":["GET"]}}],"collection":[{"href":"https:\/\/www.liteq.com.br\/es\/wp-json\/wp\/v2\/pages"}],"about":[{"href":"https:\/\/www.liteq.com.br\/es\/wp-json\/wp\/v2\/types\/page"}],"author":[{"embeddable":true,"href":"https:\/\/www.liteq.com.br\/es\/wp-json\/wp\/v2\/users\/1"}],"replies":[{"embeddable":true,"href":"https:\/\/www.liteq.com.br\/es\/wp-json\/wp\/v2\/comments?post=2"}],"version-history":[{"count":27,"href":"https:\/\/www.liteq.com.br\/es\/wp-json\/wp\/v2\/pages\/2\/revisions"}],"predecessor-version":[{"id":3104,"href":"https:\/\/www.liteq.com.br\/es\/wp-json\/wp\/v2\/pages\/2\/revisions\/3104"}],"wp:attachment":[{"href":"https:\/\/www.liteq.com.br\/es\/wp-json\/wp\/v2\/media?parent=2"}],"curies":[{"name":"wp","href":"https:\/\/api.w.org\/{rel}","templated":true}]}}