{"id":3035,"date":"2021-09-09T11:49:15","date_gmt":"2021-09-09T11:49:15","guid":{"rendered":"https:\/\/www.liteq.com.br\/?page_id=3035"},"modified":"2021-09-13T17:54:21","modified_gmt":"2021-09-13T17:54:21","slug":"equipos-complementario","status":"publish","type":"page","link":"https:\/\/www.liteq.com.br\/es\/equipos-complementario\/","title":{"rendered":"Equipo Complementario"},"content":{"rendered":"\t\t<div data-elementor-type=\"wp-page\" data-elementor-id=\"3035\" class=\"elementor elementor-3035\" data-elementor-settings=\"{&quot;ha_cmc_init_switcher&quot;:&quot;no&quot;}\">\n\t\t\t\t\t\t<section class=\"elementor-section elementor-top-section elementor-element elementor-element-3383076 elementor-section-boxed elementor-section-height-default elementor-section-height-default exad-glass-effect-no exad-sticky-section-no\" data-id=\"3383076\" data-element_type=\"section\" data-settings=\"{&quot;background_background&quot;:&quot;classic&quot;,&quot;_ha_eqh_enable&quot;:false}\">\n\t\t\t\t\t\t\t<div class=\"elementor-background-overlay\"><\/div>\n\t\t\t\t\t\t\t<div class=\"elementor-container elementor-column-gap-default\">\n\t\t\t\t\t<div class=\"elementor-column elementor-col-100 elementor-top-column elementor-element elementor-element-b92d57c exad-glass-effect-no exad-sticky-section-no\" data-id=\"b92d57c\" data-element_type=\"column\">\n\t\t\t<div class=\"elementor-widget-wrap elementor-element-populated\">\n\t\t\t\t\t\t<div class=\"elementor-element elementor-element-c2e3368 exad-sticky-section-no exad-glass-effect-no elementor-widget elementor-widget-heading\" data-id=\"c2e3368\" data-element_type=\"widget\" data-widget_type=\"heading.default\">\n\t\t\t\t<div class=\"elementor-widget-container\">\n\t\t\t\t\t<h2 class=\"elementor-heading-title elementor-size-default\">Equipos<br> Complementarios<\/h2>\t\t\t\t<\/div>\n\t\t\t\t<\/div>\n\t\t\t\t\t<\/div>\n\t\t<\/div>\n\t\t\t\t\t<\/div>\n\t\t<\/section>\n\t\t\t\t<section class=\"elementor-section elementor-top-section elementor-element elementor-element-2b7bd7a elementor-section-boxed elementor-section-height-default elementor-section-height-default exad-glass-effect-no exad-sticky-section-no\" data-id=\"2b7bd7a\" data-element_type=\"section\" data-settings=\"{&quot;_ha_eqh_enable&quot;:false}\">\n\t\t\t\t\t\t<div class=\"elementor-container elementor-column-gap-default\">\n\t\t\t\t\t<div class=\"elementor-column elementor-col-100 elementor-top-column elementor-element elementor-element-7d27831 exad-glass-effect-no exad-sticky-section-no\" data-id=\"7d27831\" data-element_type=\"column\">\n\t\t\t<div class=\"elementor-widget-wrap elementor-element-populated\">\n\t\t\t\t\t\t<div class=\"elementor-element elementor-element-c232db9 elementor-grid-eael-col-4 elementor-grid-tablet-eael-col-2 elementor-grid-mobile-eael-col-1 exad-sticky-section-no exad-glass-effect-no elementor-widget elementor-widget-eael-post-grid\" data-id=\"c232db9\" data-element_type=\"widget\" data-settings=\"{&quot;eael_post_grid_columns&quot;:&quot;eael-col-4&quot;,&quot;eael_post_grid_columns_tablet&quot;:&quot;eael-col-2&quot;,&quot;eael_post_grid_columns_mobile&quot;:&quot;eael-col-1&quot;}\" data-widget_type=\"eael-post-grid.default\">\n\t\t\t\t<div class=\"elementor-widget-container\">\n\t\t\t\t\t<div id=\"eael-post-grid-c232db9\" class=\"eael-post-grid-container\">\n            <div class=\"eael-post-grid eael-post-appender eael-post-appender-c232db9 eael-post-grid-style-one\" data-layout-mode=\"grid\"><article class=\"eael-grid-post eael-post-grid-column\" data-id=\"3033\">\n        <div class=\"eael-grid-post-holder\">\n            <div class=\"eael-grid-post-holder-inner\"><div class=\"eael-entry-media\"><div class=\"eael-entry-overlay fade-in\"><i class=\"fas fa-long-arrow-alt-right\" aria-hidden=\"true\"><\/i><a href=\"https:\/\/www.liteq.com.br\/es\/projetos-especiales-para-el-manejo-de-productos\/\"><\/a><\/div><div class=\"eael-entry-thumbnail \">\n                <img fetchpriority=\"high\" decoding=\"async\" width=\"300\" height=\"169\" src=\"https:\/\/www.liteq.com.br\/es\/wp-content\/uploads\/2021\/05\/thumb-generic2-300x169.jpg\" class=\"attachment-medium size-medium wp-image-2303\" alt=\"\" srcset=\"https:\/\/www.liteq.com.br\/es\/wp-content\/uploads\/2021\/05\/thumb-generic2-300x169.jpg 300w, https:\/\/www.liteq.com.br\/es\/wp-content\/uploads\/2021\/05\/thumb-generic2-1024x576.jpg 1024w, https:\/\/www.liteq.com.br\/es\/wp-content\/uploads\/2021\/05\/thumb-generic2-768x432.jpg 768w, https:\/\/www.liteq.com.br\/es\/wp-content\/uploads\/2021\/05\/thumb-generic2-16x9.jpg 16w, https:\/\/www.liteq.com.br\/es\/wp-content\/uploads\/2021\/05\/thumb-generic2.jpg 1280w\" sizes=\"(max-width: 300px) 100vw, 300px\" \/>\n            <\/div>\n        <\/div><div class=\"eael-entry-wrapper\"><header class=\"eael-entry-header\"><h2 class=\"eael-entry-title\"><a class=\"eael-grid-post-link\" href=\"https:\/\/www.liteq.com.br\/es\/projetos-especiales-para-el-manejo-de-productos\/\" title=\"Projetos especiales para el manejo de productos\">Projetos especiales para el manejo de productos<\/a><\/h2><\/header><div class=\"eael-entry-content\">\n                        <div class=\"eael-grid-post-excerpt\"><p>Los proyectos especiales para el manejo de productos son equipos ...<\/p><a href=\"https:\/\/www.liteq.com.br\/es\/projetos-especiales-para-el-manejo-de-productos\/\" class=\"eael-post-elements-readmore-btn\">saber mais<\/a><\/div>\n                    <\/div><\/div><\/div>\n        <\/div>\n    <\/article><article class=\"eael-grid-post eael-post-grid-column\" data-id=\"1932\">\n        <div class=\"eael-grid-post-holder\">\n            <div class=\"eael-grid-post-holder-inner\"><div class=\"eael-entry-media\"><div class=\"eael-entry-overlay fade-in\"><i class=\"fas fa-long-arrow-alt-right\" aria-hidden=\"true\"><\/i><a href=\"https:\/\/www.liteq.com.br\/es\/sistema-de-empaquetado-semiautomatico\/\"><\/a><\/div><div class=\"eael-entry-thumbnail \">\n                <img fetchpriority=\"high\" decoding=\"async\" width=\"300\" height=\"169\" src=\"https:\/\/www.liteq.com.br\/es\/wp-content\/uploads\/2021\/05\/thumb-generic2-300x169.jpg\" class=\"attachment-medium size-medium wp-image-2303\" alt=\"\" srcset=\"https:\/\/www.liteq.com.br\/es\/wp-content\/uploads\/2021\/05\/thumb-generic2-300x169.jpg 300w, https:\/\/www.liteq.com.br\/es\/wp-content\/uploads\/2021\/05\/thumb-generic2-1024x576.jpg 1024w, https:\/\/www.liteq.com.br\/es\/wp-content\/uploads\/2021\/05\/thumb-generic2-768x432.jpg 768w, https:\/\/www.liteq.com.br\/es\/wp-content\/uploads\/2021\/05\/thumb-generic2-16x9.jpg 16w, https:\/\/www.liteq.com.br\/es\/wp-content\/uploads\/2021\/05\/thumb-generic2.jpg 1280w\" sizes=\"(max-width: 300px) 100vw, 300px\" \/>\n            <\/div>\n        <\/div><div class=\"eael-entry-wrapper\"><header class=\"eael-entry-header\"><h2 class=\"eael-entry-title\"><a class=\"eael-grid-post-link\" href=\"https:\/\/www.liteq.com.br\/es\/sistema-de-empaquetado-semiautomatico\/\" title=\"Sistema de empaquetado semiautom\u00e1tico\">Sistema de empaquetado semiautom\u00e1tico<\/a><\/h2><\/header><div class=\"eael-entry-content\">\n                        <div class=\"eael-grid-post-excerpt\"><p>Los sistemas de empaquetado semiautom\u00e1ticose desarrollan seg\u00fan las necesidades de ...<\/p><a href=\"https:\/\/www.liteq.com.br\/es\/sistema-de-empaquetado-semiautomatico\/\" class=\"eael-post-elements-readmore-btn\">saber mais<\/a><\/div>\n                    <\/div><\/div><\/div>\n        <\/div>\n    <\/article><article class=\"eael-grid-post eael-post-grid-column\" data-id=\"1929\">\n        <div class=\"eael-grid-post-holder\">\n            <div class=\"eael-grid-post-holder-inner\"><div class=\"eael-entry-media\"><div class=\"eael-entry-overlay fade-in\"><i class=\"fas fa-long-arrow-alt-right\" aria-hidden=\"true\"><\/i><a href=\"https:\/\/www.liteq.com.br\/es\/sistema-dealimentacion-de-envasadoras\/\"><\/a><\/div><div class=\"eael-entry-thumbnail \">\n                <img fetchpriority=\"high\" decoding=\"async\" width=\"300\" height=\"169\" src=\"https:\/\/www.liteq.com.br\/es\/wp-content\/uploads\/2021\/05\/thumb-generic2-300x169.jpg\" class=\"attachment-medium size-medium wp-image-2303\" alt=\"\" srcset=\"https:\/\/www.liteq.com.br\/es\/wp-content\/uploads\/2021\/05\/thumb-generic2-300x169.jpg 300w, https:\/\/www.liteq.com.br\/es\/wp-content\/uploads\/2021\/05\/thumb-generic2-1024x576.jpg 1024w, https:\/\/www.liteq.com.br\/es\/wp-content\/uploads\/2021\/05\/thumb-generic2-768x432.jpg 768w, https:\/\/www.liteq.com.br\/es\/wp-content\/uploads\/2021\/05\/thumb-generic2-16x9.jpg 16w, https:\/\/www.liteq.com.br\/es\/wp-content\/uploads\/2021\/05\/thumb-generic2.jpg 1280w\" sizes=\"(max-width: 300px) 100vw, 300px\" \/>\n            <\/div>\n        <\/div><div class=\"eael-entry-wrapper\"><header class=\"eael-entry-header\"><h2 class=\"eael-entry-title\"><a class=\"eael-grid-post-link\" href=\"https:\/\/www.liteq.com.br\/es\/sistema-dealimentacion-de-envasadoras\/\" title=\"Sistema dealimentaci\u00f3n de envasadoras\">Sistema dealimentaci\u00f3n de envasadoras<\/a><\/h2><\/header><div class=\"eael-entry-content\">\n                        <div class=\"eael-grid-post-excerpt\"><p>Los sistemas de alimentaci\u00f3n de envasadoras son equipos especialmente desarrollados ...<\/p><a href=\"https:\/\/www.liteq.com.br\/es\/sistema-dealimentacion-de-envasadoras\/\" class=\"eael-post-elements-readmore-btn\">saber mais<\/a><\/div>\n                    <\/div><\/div><\/div>\n        <\/div>\n    <\/article><article class=\"eael-grid-post eael-post-grid-column\" data-id=\"1927\">\n        <div class=\"eael-grid-post-holder\">\n            <div class=\"eael-grid-post-holder-inner\"><div class=\"eael-entry-media\"><div class=\"eael-entry-overlay fade-in\"><i class=\"fas fa-long-arrow-alt-right\" aria-hidden=\"true\"><\/i><a href=\"https:\/\/www.liteq.com.br\/es\/mesa-para-detector-de-metal\/\"><\/a><\/div><div class=\"eael-entry-thumbnail \">\n                <img fetchpriority=\"high\" decoding=\"async\" width=\"300\" height=\"169\" src=\"https:\/\/www.liteq.com.br\/es\/wp-content\/uploads\/2021\/05\/thumb-generic2-300x169.jpg\" class=\"attachment-medium size-medium wp-image-2303\" alt=\"\" srcset=\"https:\/\/www.liteq.com.br\/es\/wp-content\/uploads\/2021\/05\/thumb-generic2-300x169.jpg 300w, https:\/\/www.liteq.com.br\/es\/wp-content\/uploads\/2021\/05\/thumb-generic2-1024x576.jpg 1024w, https:\/\/www.liteq.com.br\/es\/wp-content\/uploads\/2021\/05\/thumb-generic2-768x432.jpg 768w, https:\/\/www.liteq.com.br\/es\/wp-content\/uploads\/2021\/05\/thumb-generic2-16x9.jpg 16w, https:\/\/www.liteq.com.br\/es\/wp-content\/uploads\/2021\/05\/thumb-generic2.jpg 1280w\" sizes=\"(max-width: 300px) 100vw, 300px\" \/>\n            <\/div>\n        <\/div><div class=\"eael-entry-wrapper\"><header class=\"eael-entry-header\"><h2 class=\"eael-entry-title\"><a class=\"eael-grid-post-link\" href=\"https:\/\/www.liteq.com.br\/es\/mesa-para-detector-de-metal\/\" title=\"Mesa para Detector de Metal\">Mesa para Detector de Metal<\/a><\/h2><\/header><div class=\"eael-entry-content\">\n                        <div class=\"eael-grid-post-excerpt\"><p>Las mesas para detector de metal son cintas transportadorasdesarrolladas para ...<\/p><a href=\"https:\/\/www.liteq.com.br\/es\/mesa-para-detector-de-metal\/\" class=\"eael-post-elements-readmore-btn\">saber mais<\/a><\/div>\n                    <\/div><\/div><\/div>\n        <\/div>\n    <\/article><article class=\"eael-grid-post eael-post-grid-column\" data-id=\"1925\">\n        <div class=\"eael-grid-post-holder\">\n            <div class=\"eael-grid-post-holder-inner\"><div class=\"eael-entry-media\"><div class=\"eael-entry-overlay fade-in\"><i class=\"fas fa-long-arrow-alt-right\" aria-hidden=\"true\"><\/i><a href=\"https:\/\/www.liteq.com.br\/es\/mezclado-de-ingredientes-rellenos\/\"><\/a><\/div><div class=\"eael-entry-thumbnail \">\n                <img fetchpriority=\"high\" decoding=\"async\" width=\"300\" height=\"169\" src=\"https:\/\/www.liteq.com.br\/es\/wp-content\/uploads\/2021\/05\/thumb-generic2-300x169.jpg\" class=\"attachment-medium size-medium wp-image-2303\" alt=\"\" srcset=\"https:\/\/www.liteq.com.br\/es\/wp-content\/uploads\/2021\/05\/thumb-generic2-300x169.jpg 300w, https:\/\/www.liteq.com.br\/es\/wp-content\/uploads\/2021\/05\/thumb-generic2-1024x576.jpg 1024w, https:\/\/www.liteq.com.br\/es\/wp-content\/uploads\/2021\/05\/thumb-generic2-768x432.jpg 768w, https:\/\/www.liteq.com.br\/es\/wp-content\/uploads\/2021\/05\/thumb-generic2-16x9.jpg 16w, https:\/\/www.liteq.com.br\/es\/wp-content\/uploads\/2021\/05\/thumb-generic2.jpg 1280w\" sizes=\"(max-width: 300px) 100vw, 300px\" \/>\n            <\/div>\n        <\/div><div class=\"eael-entry-wrapper\"><header class=\"eael-entry-header\"><h2 class=\"eael-entry-title\"><a class=\"eael-grid-post-link\" href=\"https:\/\/www.liteq.com.br\/es\/mezclado-de-ingredientes-rellenos\/\" title=\"Mezclado de Ingredientes Rellenos\">Mezclado de Ingredientes Rellenos<\/a><\/h2><\/header><div class=\"eael-entry-content\">\n                        <div class=\"eael-grid-post-excerpt\"><p>Baixa Viscosidade Estos equipos est\u00e1n desarrollados para proporcionar una perfecta ...<\/p><a href=\"https:\/\/www.liteq.com.br\/es\/mezclado-de-ingredientes-rellenos\/\" class=\"eael-post-elements-readmore-btn\">saber mais<\/a><\/div>\n                    <\/div><\/div><\/div>\n        <\/div>\n    <\/article><article class=\"eael-grid-post eael-post-grid-column\" data-id=\"1923\">\n        <div class=\"eael-grid-post-holder\">\n            <div class=\"eael-grid-post-holder-inner\"><div class=\"eael-entry-media\"><div class=\"eael-entry-overlay fade-in\"><i class=\"fas fa-long-arrow-alt-right\" aria-hidden=\"true\"><\/i><a href=\"https:\/\/www.liteq.com.br\/es\/bombas-positivas-chocolates\/\"><\/a><\/div><div class=\"eael-entry-thumbnail \">\n                <img fetchpriority=\"high\" decoding=\"async\" width=\"300\" height=\"169\" src=\"https:\/\/www.liteq.com.br\/es\/wp-content\/uploads\/2021\/05\/thumb-generic2-300x169.jpg\" class=\"attachment-medium size-medium wp-image-2303\" alt=\"\" srcset=\"https:\/\/www.liteq.com.br\/es\/wp-content\/uploads\/2021\/05\/thumb-generic2-300x169.jpg 300w, https:\/\/www.liteq.com.br\/es\/wp-content\/uploads\/2021\/05\/thumb-generic2-1024x576.jpg 1024w, https:\/\/www.liteq.com.br\/es\/wp-content\/uploads\/2021\/05\/thumb-generic2-768x432.jpg 768w, https:\/\/www.liteq.com.br\/es\/wp-content\/uploads\/2021\/05\/thumb-generic2-16x9.jpg 16w, https:\/\/www.liteq.com.br\/es\/wp-content\/uploads\/2021\/05\/thumb-generic2.jpg 1280w\" sizes=\"(max-width: 300px) 100vw, 300px\" \/>\n            <\/div>\n        <\/div><div class=\"eael-entry-wrapper\"><header class=\"eael-entry-header\"><h2 class=\"eael-entry-title\"><a class=\"eael-grid-post-link\" href=\"https:\/\/www.liteq.com.br\/es\/bombas-positivas-chocolates\/\" title=\"Bombas Positivas (chocolates)\">Bombas Positivas (chocolates)<\/a><\/h2><\/header><div class=\"eael-entry-content\">\n                        <div class=\"eael-grid-post-excerpt\"><p>Las bombas positivas Liteq son equipos extremadamente sencillos y robustos, ...<\/p><a href=\"https:\/\/www.liteq.com.br\/es\/bombas-positivas-chocolates\/\" class=\"eael-post-elements-readmore-btn\">saber mais<\/a><\/div>\n                    <\/div><\/div><\/div>\n        <\/div>\n    <\/article><article class=\"eael-grid-post eael-post-grid-column\" data-id=\"1921\">\n        <div class=\"eael-grid-post-holder\">\n            <div class=\"eael-grid-post-holder-inner\"><div class=\"eael-entry-media\"><div class=\"eael-entry-overlay fade-in\"><i class=\"fas fa-long-arrow-alt-right\" aria-hidden=\"true\"><\/i><a href=\"https:\/\/www.liteq.com.br\/es\/mezclador-de-ingredientes-abiertos\/\"><\/a><\/div><div class=\"eael-entry-thumbnail \">\n                <img fetchpriority=\"high\" decoding=\"async\" width=\"300\" height=\"169\" src=\"https:\/\/www.liteq.com.br\/es\/wp-content\/uploads\/2021\/05\/thumb-generic2-300x169.jpg\" class=\"attachment-medium size-medium wp-image-2303\" alt=\"\" srcset=\"https:\/\/www.liteq.com.br\/es\/wp-content\/uploads\/2021\/05\/thumb-generic2-300x169.jpg 300w, https:\/\/www.liteq.com.br\/es\/wp-content\/uploads\/2021\/05\/thumb-generic2-1024x576.jpg 1024w, https:\/\/www.liteq.com.br\/es\/wp-content\/uploads\/2021\/05\/thumb-generic2-768x432.jpg 768w, https:\/\/www.liteq.com.br\/es\/wp-content\/uploads\/2021\/05\/thumb-generic2-16x9.jpg 16w, https:\/\/www.liteq.com.br\/es\/wp-content\/uploads\/2021\/05\/thumb-generic2.jpg 1280w\" sizes=\"(max-width: 300px) 100vw, 300px\" \/>\n            <\/div>\n        <\/div><div class=\"eael-entry-wrapper\"><header class=\"eael-entry-header\"><h2 class=\"eael-entry-title\"><a class=\"eael-grid-post-link\" href=\"https:\/\/www.liteq.com.br\/es\/mezclador-de-ingredientes-abiertos\/\" title=\"Mezclador de Ingredientes Abiertos\">Mezclador de Ingredientes Abiertos<\/a><\/h2><\/header><div class=\"eael-entry-content\">\n                        <div class=\"eael-grid-post-excerpt\"><p>Alta Viscosidade Estos equipos est\u00e1n desarrollados para proporcionar una perfecta ...<\/p><a href=\"https:\/\/www.liteq.com.br\/es\/mezclador-de-ingredientes-abiertos\/\" class=\"eael-post-elements-readmore-btn\">saber mais<\/a><\/div>\n                    <\/div><\/div><\/div>\n        <\/div>\n    <\/article><article class=\"eael-grid-post eael-post-grid-column\" data-id=\"1918\">\n        <div class=\"eael-grid-post-holder\">\n            <div class=\"eael-grid-post-holder-inner\"><div class=\"eael-entry-media\"><div class=\"eael-entry-overlay fade-in\"><i class=\"fas fa-long-arrow-alt-right\" aria-hidden=\"true\"><\/i><a href=\"https:\/\/www.liteq.com.br\/es\/mezclador-de-ingredientes\/\"><\/a><\/div><div class=\"eael-entry-thumbnail \">\n                <img fetchpriority=\"high\" decoding=\"async\" width=\"300\" height=\"169\" src=\"https:\/\/www.liteq.com.br\/es\/wp-content\/uploads\/2021\/05\/thumb-generic2-300x169.jpg\" class=\"attachment-medium size-medium wp-image-2303\" alt=\"\" srcset=\"https:\/\/www.liteq.com.br\/es\/wp-content\/uploads\/2021\/05\/thumb-generic2-300x169.jpg 300w, https:\/\/www.liteq.com.br\/es\/wp-content\/uploads\/2021\/05\/thumb-generic2-1024x576.jpg 1024w, https:\/\/www.liteq.com.br\/es\/wp-content\/uploads\/2021\/05\/thumb-generic2-768x432.jpg 768w, https:\/\/www.liteq.com.br\/es\/wp-content\/uploads\/2021\/05\/thumb-generic2-16x9.jpg 16w, https:\/\/www.liteq.com.br\/es\/wp-content\/uploads\/2021\/05\/thumb-generic2.jpg 1280w\" sizes=\"(max-width: 300px) 100vw, 300px\" \/>\n            <\/div>\n        <\/div><div class=\"eael-entry-wrapper\"><header class=\"eael-entry-header\"><h2 class=\"eael-entry-title\"><a class=\"eael-grid-post-link\" href=\"https:\/\/www.liteq.com.br\/es\/mezclador-de-ingredientes\/\" title=\"Mezclador de Ingredientes\">Mezclador de Ingredientes<\/a><\/h2><\/header><div class=\"eael-entry-content\">\n                        <div class=\"eael-grid-post-excerpt\"><p>Barras y Bombones Cubiertos Estos equipos est\u00e1n desarrollados para proporcionar ...<\/p><a href=\"https:\/\/www.liteq.com.br\/es\/mezclador-de-ingredientes\/\" class=\"eael-post-elements-readmore-btn\">saber mais<\/a><\/div>\n                    <\/div><\/div><\/div>\n        <\/div>\n    <\/article><\/div>\n            <div class=\"clearfix\"><\/div>\n        <\/div>\t\t\t\t<\/div>\n\t\t\t\t<\/div>\n\t\t\t\t\t<\/div>\n\t\t<\/div>\n\t\t\t\t\t<\/div>\n\t\t<\/section>\n\t\t\t\t<\/div>\n\t\t","protected":false},"excerpt":{"rendered":"<p>Equipos Complementarios PROJETOS ESPECIAIS PARA MOVIMENTA\u00c7\u00c3O DE PRODUTOS \/ TRANSPORTADORES Os Projetos especiais para movimenta\u00e7\u00e3o de produtos, s\u00e3o equipamentos desenvolvidos &#8230; saber mais Sistema para Encaixotamento Semiautom\u00e1tico Os sistemas de encaixotamento semiautom\u00e1tico, s\u00e3o desenvolvidos segundo as necessidades &#8230; saber mais Sistema para Alimenta\u00e7\u00e3o de Embaladoras Os sistemas para alimenta\u00e7\u00e3o de embaladoras, s\u00e3o equipamentos especialmente desenvolvidos &hellip;<\/p>\n<p class=\"read-more\"> <a class=\"\" href=\"https:\/\/www.liteq.com.br\/es\/mezclador-de-ingredientes\/\"> <span class=\"screen-reader-text\">Mezclador de Ingredientes<\/span> Leia mais &raquo;<\/a><\/p>\n","protected":false},"author":1,"featured_media":0,"parent":0,"menu_order":0,"comment_status":"closed","ping_status":"closed","template":"elementor_header_footer","meta":{"site-sidebar-layout":"no-sidebar","site-content-layout":"page-builder","ast-main-header-display":"","ast-hfb-above-header-display":"","ast-hfb-below-header-display":"","ast-hfb-mobile-header-display":"","site-post-title":"disabled","ast-breadcrumbs-content":"","ast-featured-img":"disabled","footer-sml-layout":"","theme-transparent-header-meta":"enabled","adv-header-id-meta":"","stick-header-meta":"","header-above-stick-meta":"","header-main-stick-meta":"","header-below-stick-meta":"","footnotes":""},"class_list":["post-3035","page","type-page","status-publish","hentry"],"_links":{"self":[{"href":"https:\/\/www.liteq.com.br\/es\/wp-json\/wp\/v2\/pages\/3035","targetHints":{"allow":["GET"]}}],"collection":[{"href":"https:\/\/www.liteq.com.br\/es\/wp-json\/wp\/v2\/pages"}],"about":[{"href":"https:\/\/www.liteq.com.br\/es\/wp-json\/wp\/v2\/types\/page"}],"author":[{"embeddable":true,"href":"https:\/\/www.liteq.com.br\/es\/wp-json\/wp\/v2\/users\/1"}],"replies":[{"embeddable":true,"href":"https:\/\/www.liteq.com.br\/es\/wp-json\/wp\/v2\/comments?post=3035"}],"version-history":[{"count":14,"href":"https:\/\/www.liteq.com.br\/es\/wp-json\/wp\/v2\/pages\/3035\/revisions"}],"predecessor-version":[{"id":3107,"href":"https:\/\/www.liteq.com.br\/es\/wp-json\/wp\/v2\/pages\/3035\/revisions\/3107"}],"wp:attachment":[{"href":"https:\/\/www.liteq.com.br\/es\/wp-json\/wp\/v2\/media?parent=3035"}],"curies":[{"name":"wp","href":"https:\/\/api.w.org\/{rel}","templated":true}]}}